{"id":3421,"date":"2023-09-25T20:02:04","date_gmt":"2023-09-25T20:02:04","guid":{"rendered":"https:\/\/aled.pl\/contatto\/"},"modified":"2024-02-05T09:04:38","modified_gmt":"2024-02-05T09:04:38","slug":"contatto","status":"publish","type":"page","link":"https:\/\/aled.pl\/it\/contatto\/","title":{"rendered":"Contatto"},"content":{"rendered":"\n<h2 class=\"wp-block-heading has-text-align-center\">Contatto<\/h2>\n\n<hr class=\"wp-block-separator has-text-color has-palette-color-2-color has-alpha-channel-opacity has-palette-color-2-background-color has-background\"\/>\n\n<div style=\"height:50px\" aria-hidden=\"true\" class=\"wp-block-spacer\"><\/div>\n\n<div class=\"wp-block-stackable-columns stk-block-columns stk-block stk-8e1c30e\" data-block-id=\"8e1c30e\"><div class=\"stk-row stk-inner-blocks stk-block-content stk-content-align stk-8e1c30e-column\">\n<div class=\"wp-block-stackable-column stk-block-column stk-column stk-block stk-48550fe\" data-v=\"4\" data-block-id=\"48550fe\"><style>@media screen and (min-width:690px){.stk-48550fe{flex:1 1 calc(33.333% - var(--stk-column-gap,0px) * 1 \/ 2 ) !important}}<\/style><div class=\"stk-column-wrapper stk-block-column__content stk-container stk-48550fe-container stk--no-background stk--no-padding\"><div class=\"stk-block-content stk-inner-blocks stk-48550fe-inner-blocks\">\n<h3 class=\"wp-block-heading\">Dettagli di contatto<\/h3>\n\n\n\n<p>Siamo disponibili dal luned\u00ec al venerd\u00ec, dalle 7.00 alle 15.00.<br\/><br\/>tel. +<strong>48 501 032 250<\/strong><br\/>e-mail: <strong>handlowy@aled.pl<\/strong><\/p>\n\n\n\n<p><strong>ALED S. C.<\/strong><br\/>ul. Pawliczka 22a<br\/>41-800 Zabrze<\/p>\n<\/div><\/div><\/div>\n\n\n\n<div class=\"wp-block-stackable-column stk-block-column stk-column stk-block stk-8cec5ad\" data-v=\"4\" data-block-id=\"8cec5ad\"><style>.stk-8cec5ad{border-style:solid !important;border-color:var(--paletteColor2,#E84855) !important;border-top-width:0px !important;border-right-width:0px !important;border-bottom-width:0px !important}@media screen and (min-width:690px){.stk-8cec5ad{flex:1 1 calc(66.666% - var(--stk-column-gap,0px) * 1 \/ 2 ) !important}}<\/style><div class=\"stk-column-wrapper stk-block-column__content stk-container stk-8cec5ad-container stk--no-background stk--no-padding\"><div class=\"stk-block-content stk-inner-blocks stk-8cec5ad-inner-blocks\">\n<h3 class=\"wp-block-heading\">Qui \u00e8 dove ci troverai:<\/h3>\n\n\n\t\t\t<div \n\t\t\tclass=\"wp-block-uagb-google-map uagb-google-map__wrap uagb-block-26167ade     \"\n\t\t\tstyle=\"\" >\n\t\t\t\t<embed\n\t\t\t\t\tclass=\"uagb-google-map__iframe\"\n\t\t\t\t\ttitle=\"Google Map for \"\n\t\t\t\t\tsrc=\"https:\/\/maps.google.com\/maps?q=pawliczka%2022a%2C%20zabrze&#038;z=12&#038;hl=pl&#038;t=m&#038;output=embed&#038;iwloc=near\"\n\t\t\t\t\twidth=\"640\"\n\t\t\t\t\theight=\"300\"\n\t\t\t\t\tloading=\"lazy\"\n\t\t\t\t><\/embed>\n\t\t\t<\/div>\n\t\t\t<\/div><\/div><\/div>\n<\/div><\/div>\n\n<div style=\"height:50px\" aria-hidden=\"true\" class=\"wp-block-spacer\"><\/div>\n","protected":false},"excerpt":{"rendered":"<p>Contatto Dettagli di contatto Siamo disponibili dal luned\u00ec al venerd\u00ec, dalle 7.00 alle 15.00. tel. +48 501 032 250e-mail: handlowy@aled.pl ALED S. C.ul. Pawliczka 22a41-800 Zabrze Qui \u00e8 dove ci troverai:<\/p>\n","protected":false},"author":1,"featured_media":0,"parent":0,"menu_order":0,"comment_status":"closed","ping_status":"closed","template":"","meta":{"_uag_custom_page_level_css":"","footnotes":""},"class_list":["post-3421","page","type-page","status-publish","hentry"],"blocksy_meta":{"has_hero_section":"disabled","page_structure_type":"type-3","disable_footer":"no"},"yoast_head":"<!-- This site is optimized with the Yoast SEO plugin v21.9.1 - https:\/\/yoast.com\/wordpress\/plugins\/seo\/ -->\n<title>Contatto - ALED<\/title>\n<meta name=\"robots\" content=\"index, follow, max-snippet:-1, max-image-preview:large, max-video-preview:-1\" \/>\n<link rel=\"canonical\" href=\"https:\/\/aled.pl\/it\/contatto\/\" \/>\n<meta property=\"og:locale\" content=\"it_IT\" \/>\n<meta property=\"og:type\" content=\"article\" \/>\n<meta property=\"og:title\" content=\"Contatto - ALED\" \/>\n<meta property=\"og:description\" content=\"Contatto Dettagli di contatto Siamo disponibili dal luned\u00ec al venerd\u00ec, dalle 7.00 alle 15.00. tel. +48 501 032 250e-mail: handlowy@aled.pl ALED S. C.ul. Pawliczka 22a41-800 Zabrze Qui \u00e8 dove ci troverai:\" \/>\n<meta property=\"og:url\" content=\"https:\/\/aled.pl\/it\/contatto\/\" \/>\n<meta property=\"og:site_name\" content=\"ALED\" \/>\n<meta property=\"article:publisher\" content=\"https:\/\/www.facebook.com\/lampy.led\" \/>\n<meta property=\"article:modified_time\" content=\"2024-02-05T09:04:38+00:00\" \/>\n<meta property=\"og:image\" content=\"https:\/\/aled.pl\/wp-content\/uploads\/2023\/10\/logo-aled.jpg\" \/>\n\t<meta property=\"og:image:width\" content=\"780\" \/>\n\t<meta property=\"og:image:height\" content=\"300\" \/>\n\t<meta property=\"og:image:type\" content=\"image\/jpeg\" \/>\n<meta name=\"twitter:card\" content=\"summary_large_image\" \/>\n<script type=\"application\/ld+json\" class=\"yoast-schema-graph\">{\"@context\":\"https:\/\/schema.org\",\"@graph\":[{\"@type\":\"WebPage\",\"@id\":\"https:\/\/aled.pl\/it\/contatto\/\",\"url\":\"https:\/\/aled.pl\/it\/contatto\/\",\"name\":\"Contatto - ALED\",\"isPartOf\":{\"@id\":\"https:\/\/aled.pl\/#website\"},\"datePublished\":\"2023-09-25T20:02:04+00:00\",\"dateModified\":\"2024-02-05T09:04:38+00:00\",\"breadcrumb\":{\"@id\":\"https:\/\/aled.pl\/it\/contatto\/#breadcrumb\"},\"inLanguage\":\"it-IT\",\"potentialAction\":[{\"@type\":\"ReadAction\",\"target\":[\"https:\/\/aled.pl\/it\/contatto\/\"]}]},{\"@type\":\"BreadcrumbList\",\"@id\":\"https:\/\/aled.pl\/it\/contatto\/#breadcrumb\",\"itemListElement\":[{\"@type\":\"ListItem\",\"position\":1,\"name\":\"Strona g\u0142\u00f3wna\",\"item\":\"https:\/\/aled.pl\/it\/\"},{\"@type\":\"ListItem\",\"position\":2,\"name\":\"Contatto\"}]},{\"@type\":\"WebSite\",\"@id\":\"https:\/\/aled.pl\/#website\",\"url\":\"https:\/\/aled.pl\/\",\"name\":\"ALED\",\"description\":\"NOWOCZESNE O\u015aWIETLENIE LED\",\"publisher\":{\"@id\":\"https:\/\/aled.pl\/#organization\"},\"potentialAction\":[{\"@type\":\"SearchAction\",\"target\":{\"@type\":\"EntryPoint\",\"urlTemplate\":\"https:\/\/aled.pl\/?s={search_term_string}\"},\"query-input\":\"required name=search_term_string\"}],\"inLanguage\":\"it-IT\"},{\"@type\":\"Organization\",\"@id\":\"https:\/\/aled.pl\/#organization\",\"name\":\"ALED\",\"url\":\"https:\/\/aled.pl\/\",\"logo\":{\"@type\":\"ImageObject\",\"inLanguage\":\"it-IT\",\"@id\":\"https:\/\/aled.pl\/#\/schema\/logo\/image\/\",\"url\":\"https:\/\/aled.pl\/wp-content\/uploads\/2023\/10\/logo-aled.png\",\"contentUrl\":\"https:\/\/aled.pl\/wp-content\/uploads\/2023\/10\/logo-aled.png\",\"width\":300,\"height\":180,\"caption\":\"ALED\"},\"image\":{\"@id\":\"https:\/\/aled.pl\/#\/schema\/logo\/image\/\"},\"sameAs\":[\"https:\/\/www.facebook.com\/lampy.led\"]}]}<\/script>\n<!-- \/ Yoast SEO plugin. -->","yoast_head_json":{"title":"Contatto - ALED","robots":{"index":"index","follow":"follow","max-snippet":"max-snippet:-1","max-image-preview":"max-image-preview:large","max-video-preview":"max-video-preview:-1"},"canonical":"https:\/\/aled.pl\/it\/contatto\/","og_locale":"it_IT","og_type":"article","og_title":"Contatto - ALED","og_description":"Contatto Dettagli di contatto Siamo disponibili dal luned\u00ec al venerd\u00ec, dalle 7.00 alle 15.00. tel. +48 501 032 250e-mail: handlowy@aled.pl ALED S. C.ul. Pawliczka 22a41-800 Zabrze Qui \u00e8 dove ci troverai:","og_url":"https:\/\/aled.pl\/it\/contatto\/","og_site_name":"ALED","article_publisher":"https:\/\/www.facebook.com\/lampy.led","article_modified_time":"2024-02-05T09:04:38+00:00","og_image":[{"width":780,"height":300,"url":"https:\/\/aled.pl\/wp-content\/uploads\/2023\/10\/logo-aled.jpg","type":"image\/jpeg"}],"twitter_card":"summary_large_image","schema":{"@context":"https:\/\/schema.org","@graph":[{"@type":"WebPage","@id":"https:\/\/aled.pl\/it\/contatto\/","url":"https:\/\/aled.pl\/it\/contatto\/","name":"Contatto - ALED","isPartOf":{"@id":"https:\/\/aled.pl\/#website"},"datePublished":"2023-09-25T20:02:04+00:00","dateModified":"2024-02-05T09:04:38+00:00","breadcrumb":{"@id":"https:\/\/aled.pl\/it\/contatto\/#breadcrumb"},"inLanguage":"it-IT","potentialAction":[{"@type":"ReadAction","target":["https:\/\/aled.pl\/it\/contatto\/"]}]},{"@type":"BreadcrumbList","@id":"https:\/\/aled.pl\/it\/contatto\/#breadcrumb","itemListElement":[{"@type":"ListItem","position":1,"name":"Strona g\u0142\u00f3wna","item":"https:\/\/aled.pl\/it\/"},{"@type":"ListItem","position":2,"name":"Contatto"}]},{"@type":"WebSite","@id":"https:\/\/aled.pl\/#website","url":"https:\/\/aled.pl\/","name":"ALED","description":"NOWOCZESNE O\u015aWIETLENIE LED","publisher":{"@id":"https:\/\/aled.pl\/#organization"},"potentialAction":[{"@type":"SearchAction","target":{"@type":"EntryPoint","urlTemplate":"https:\/\/aled.pl\/?s={search_term_string}"},"query-input":"required name=search_term_string"}],"inLanguage":"it-IT"},{"@type":"Organization","@id":"https:\/\/aled.pl\/#organization","name":"ALED","url":"https:\/\/aled.pl\/","logo":{"@type":"ImageObject","inLanguage":"it-IT","@id":"https:\/\/aled.pl\/#\/schema\/logo\/image\/","url":"https:\/\/aled.pl\/wp-content\/uploads\/2023\/10\/logo-aled.png","contentUrl":"https:\/\/aled.pl\/wp-content\/uploads\/2023\/10\/logo-aled.png","width":300,"height":180,"caption":"ALED"},"image":{"@id":"https:\/\/aled.pl\/#\/schema\/logo\/image\/"},"sameAs":["https:\/\/www.facebook.com\/lampy.led"]}]}},"uagb_featured_image_src":{"full":false,"thumbnail":false,"medium":false,"medium_large":false,"large":false,"1536x1536":false,"2048x2048":false},"uagb_author_info":{"display_name":"Bario1983","author_link":"https:\/\/aled.pl\/it\/author\/bario1983\/"},"uagb_comment_info":0,"uagb_excerpt":"Contatto Dettagli di contatto Siamo disponibili dal luned\u00ec al venerd\u00ec, dalle 7.00 alle 15.00. tel. +48 501 032 250e-mail: handlowy@aled.pl ALED S. C.ul. Pawliczka 22a41-800 Zabrze Qui \u00e8 dove ci troverai:","_links":{"self":[{"href":"https:\/\/aled.pl\/it\/wp-json\/wp\/v2\/pages\/3421","targetHints":{"allow":["GET"]}}],"collection":[{"href":"https:\/\/aled.pl\/it\/wp-json\/wp\/v2\/pages"}],"about":[{"href":"https:\/\/aled.pl\/it\/wp-json\/wp\/v2\/types\/page"}],"author":[{"embeddable":true,"href":"https:\/\/aled.pl\/it\/wp-json\/wp\/v2\/users\/1"}],"replies":[{"embeddable":true,"href":"https:\/\/aled.pl\/it\/wp-json\/wp\/v2\/comments?post=3421"}],"version-history":[{"count":1,"href":"https:\/\/aled.pl\/it\/wp-json\/wp\/v2\/pages\/3421\/revisions"}],"predecessor-version":[{"id":3428,"href":"https:\/\/aled.pl\/it\/wp-json\/wp\/v2\/pages\/3421\/revisions\/3428"}],"wp:attachment":[{"href":"https:\/\/aled.pl\/it\/wp-json\/wp\/v2\/media?parent=3421"}],"curies":[{"name":"wp","href":"https:\/\/api.w.org\/{rel}","templated":true}]}}